{"id":12653,"date":"2022-12-31T07:45:21","date_gmt":"2022-12-30T22:45:21","guid":{"rendered":"https:\/\/szu-tokyo.jp\/cach-thuc-va-tai-lieu-can-thiet-de-nop-don\/"},"modified":"2025-12-17T12:10:01","modified_gmt":"2025-12-17T03:10:01","slug":"cach-thuc-va-tai-lieu-can-thiet-de-nop-don","status":"publish","type":"page","link":"https:\/\/szu-tokyo.jp\/vi\/cach-thuc-va-tai-lieu-can-thiet-de-nop-don\/","title":{"rendered":"C\u00e1ch th\u1ee9c v\u00e0 t\u00e0i li\u1ec7u c\u1ea7n thi\u1ebft \u0111\u1ec3 n\u1ed9p \u0111\u01a1n"},"content":{"rendered":"\n<h2 class=\"wp-block-heading\">C\u00e1ch th\u1ee9c v\u00e0 t\u00e0i li\u1ec7u c\u1ea7n thi\u1ebft \u0111\u1ec3 n\u1ed9p \u0111\u01a1n<\/h2>\n\n<h3 class=\"wp-block-heading\">Ch\u00ednh s\u00e1ch tuy\u1ec3n sinh (Ph\u01b0\u01a1ng ch\u00e2m ti\u1ebfp nh\u1eadn sinh vi\u00ean)<\/h3>\n\n<p>\u30fbNh\u1eefng ng\u01b0\u1eddi mu\u1ed1n h\u1ecdc ti\u1ebfng Trung th\u01b0\u01a1ng m\u1ea1i v\u00e0 ho\u1ea1t \u0111\u1ed9ng t\u00edch c\u1ef1c tr\u00ean to\u00e0n c\u1ea7u trong nhi\u1ec1u l\u0129nh v\u1ef1c nh\u01b0 th\u01b0\u01a1ng m\u1ea1i, du l\u1ecbch, s\u1ea3n xu\u1ea5t, kh\u1edfi nghi\u1ec7p v\u00e0 CNTT.<br\/>\u30fbNh\u1eefng ng\u01b0\u1eddi quan t\u00e2m \u0111\u1ebfn Th\u00e2m Quy\u1ebfn v\u00e0 \u0110\u1ea1i h\u1ecdc Th\u00e2m Quy\u1ebfn, n\u01a1i n\u1ed5i ti\u1ebfng v\u1edbi tinh th\u1ea7n kinh doanh, \u0111\u1ecbnh h\u01b0\u1edbng th\u1ef1c h\u00e0nh v\u00e0 \u0111\u1ecbnh h\u01b0\u1edbng to\u00e0n c\u1ea7u.<br\/>\u30fbNh\u1eefng ng\u01b0\u1eddi c\u00f3 s\u1ef1 hi\u1ec3u bi\u1ebft c\u01a1 b\u1ea3n v\u1ec1 v\u0103n h\u00f3a v\u00e0 kinh t\u1ebf Trung Qu\u1ed1c, \u0111\u1ed3ng th\u1eddi c\u00f3 s\u1ef1 quan t\u00e2m m\u1ea1nh m\u1ebd \u0111\u1ebfn vi\u1ec7c kh\u00e1m ph\u00e1 h\u1ecdc thu\u1eadt.<\/p>\n\n<h3 class=\"wp-block-heading\">\u0110i\u1ec1u ki\u1ec7n n\u1ed9p \u0111\u01a1n<\/h3>\n\n<p>Nh\u1eefng ng\u01b0\u1eddi c\u00f3 qu\u1ed1c t\u1ecbch Nh\u1eadt B\u1ea3n ho\u1eb7c c\u00f3 qu\u1ed1c t\u1ecbch n\u01b0\u1edbc ngo\u00e0i kh\u00e1c ngo\u00e0i qu\u1ed1c t\u1ecbch Trung Qu\u1ed1c (bao g\u1ed3m: H\u1ed3ng K\u00f4ng, Macao, \u0110\u00e0i Loan) v\u00e0 \u0111\u00e1p \u1ee9ng m\u1ed9t trong c\u00e1c \u0111i\u1ec1u ki\u1ec7n sau.<br\/>\u203bSinh vi\u00ean qu\u1ed1c t\u1ebf vui l\u00f2ng tham kh\u1ea3o &#8220;H\u01b0\u1edbng d\u1eabn tuy\u1ec3n sinh d\u00e0nh cho sinh vi\u00ean qu\u1ed1c t\u1ebf&#8221; ri\u00eang.<\/p>\n\n<p>\u3010C\u00e1c m\u1ee5c chung\u3011<br\/>Nh\u1eefng ng\u01b0\u1eddi \u0111\u00e1p \u1ee9ng m\u1ed9t trong c\u00e1c \u0111i\u1ec1u ki\u1ec7n sau:<br\/>1. \u0110\u00e3 t\u1ed1t nghi\u1ec7p tr\u01b0\u1eddng trung h\u1ecdc ph\u1ed5 th\u00f4ng ho\u1eb7c tr\u01b0\u1eddng trung h\u1ecdc c\u01a1 s\u1edf, v\u00e0 nh\u1eefng ng\u01b0\u1eddi d\u1ef1 ki\u1ebfn t\u1ed1t nghi\u1ec7p v\u00e0o th\u00e1ng 3 n\u0103m 2026.<br\/>2. \u0110\u00e3 ho\u00e0n th\u00e0nh ch\u01b0\u01a1ng tr\u00ecnh gi\u00e1o d\u1ee5c ph\u1ed5 th\u00f4ng 12 n\u0103m, v\u00e0 nh\u1eefng ng\u01b0\u1eddi d\u1ef1 ki\u1ebfn ho\u00e0n th\u00e0nh v\u00e0o th\u00e1ng 3 n\u0103m 2026.<br\/>3. Nh\u1eefng ng\u01b0\u1eddi d\u1ef1 ki\u1ebfn ho\u00e0n th\u00e0nh kh\u00f3a h\u1ecdc n\u00e2ng cao c\u1ee7a tr\u01b0\u1eddng d\u1ea1y ngh\u1ec1, n\u01a1i c\u1ea5p t\u01b0 c\u00e1ch nh\u1eadp h\u1ecdc \u0111\u1ea1i h\u1ecdc. Ho\u1eb7c nh\u1eefng ng\u01b0\u1eddi \u0111\u00e3 ho\u00e0n th\u00e0nh.<br\/>4. Nh\u1eefng ng\u01b0\u1eddi \u0111\u00e3 v\u01b0\u1ee3t qua k\u1ef3 thi ch\u1ee9ng nh\u1eadn tr\u00ecnh \u0111\u1ed9 t\u1ed1t nghi\u1ec7p trung h\u1ecdc ph\u1ed5 th\u00f4ng c\u1ee7a B\u1ed9 Gi\u00e1o d\u1ee5c, V\u0103n h\u00f3a, Th\u1ec3 thao, Khoa h\u1ecdc v\u00e0 C\u00f4ng ngh\u1ec7 (tr\u01b0\u1edbc \u0111\u00e2y l\u00e0 k\u1ef3 thi ki\u1ec3m tra tr\u00ecnh \u0111\u1ed9 nh\u1eadp h\u1ecdc \u0111\u1ea1i h\u1ecdc).<br\/>5. Nh\u1eefng ng\u01b0\u1eddi d\u1ef1 ki\u1ebfn ho\u00e0n th\u00e0nh ch\u01b0\u01a1ng tr\u00ecnh h\u1ecdc th\u00f4ng th\u01b0\u1eddng t\u1eeb 12 n\u0103m tr\u1edf l\u00ean t\u1ea1i m\u1ed9t tr\u01b0\u1eddng h\u1ecdc \u1edf n\u01b0\u1edbc ngo\u00e0i. Ho\u1eb7c nh\u1eefng ng\u01b0\u1eddi \u0111\u00e3 ho\u00e0n th\u00e0nh.<br\/>\u203bSinh vi\u00ean qu\u1ed1c t\u1ebf vui l\u00f2ng tham kh\u1ea3o &#8220;H\u01b0\u1edbng d\u1eabn tuy\u1ec3n sinh d\u00e0nh cho sinh vi\u00ean qu\u1ed1c t\u1ebf&#8221; ri\u00eang.<br\/>6. Nh\u1eefng ng\u01b0\u1eddi c\u00f3 b\u1eb1ng t\u00fa t\u00e0i qu\u1ed1c t\u1ebf, Abitur, GCE-A level, l\u00e0 nh\u1eefng b\u1eb1ng c\u1ea5p \u0111\u1ec3 nh\u1eadp h\u1ecdc c\u00e1c tr\u01b0\u1eddng \u0111\u1ea1i h\u1ecdc n\u01b0\u1edbc ngo\u00e0i.<br\/>7. Nh\u1eefng ng\u01b0\u1eddi kh\u00e1c \u0111\u01b0\u1ee3c tr\u01b0\u1eddng \u0111\u1ea1i h\u1ecdc n\u00e0y c\u00f4ng nh\u1eadn l\u00e0 c\u00f3 tr\u00ecnh \u0111\u1ed9 h\u1ecdc v\u1ea5n t\u01b0\u01a1ng \u0111\u01b0\u01a1ng v\u1edbi nh\u1eefng ng\u01b0\u1eddi tr\u00ean.<\/p>\n\n<p>\u3010K\u1ef3 thi tuy\u1ec3n sinh t\u1ed5ng h\u1ee3p\u3011<br\/>\u30fbNh\u1eefng ng\u01b0\u1eddi \u0111\u00e1p \u1ee9ng m\u1ed9t trong c\u00e1c \u0111i\u1ec1u ki\u1ec7n m\u1ee5c chung v\u00e0 hi\u1ec3u tri\u1ebft l\u00fd c\u1ee7a &#8220;Ch\u00ednh s\u00e1ch tuy\u1ec3n sinh&#8221; v\u00e0 m\u1ee5c \u0111\u00edch, h\u1ec7 th\u1ed1ng c\u1ee7a k\u1ef3 thi tuy\u1ec3n sinh t\u1ed5ng h\u1ee3p do tr\u01b0\u1eddng \u0111\u1ea1i h\u1ecdc n\u00e0y \u0111\u1ec1 ra.<br\/>\u203b\u0110i\u1ec3m s\u1ebd \u0111\u01b0\u1ee3c c\u1ed9ng cho nh\u1eefng ng\u01b0\u1eddi c\u00f3 \u0111\u01b0\u1ee3c c\u00e1c ch\u1ee9ng ch\u1ec9 kh\u00e1c nhau (Proken, Kanken, Eiken, v.v.), ho\u1ea1t \u0111\u1ed9ng t\u00ecnh nguy\u1ec7n v\u00e0 ho\u1ea1t \u0111\u1ed9ng ngo\u1ea1i kh\u00f3a.<br\/>\u3000\u0110\u1ec3 bi\u1ebft th\u00eam chi ti\u1ebft, vui l\u00f2ng xem P.3.<\/p>\n\n<p>\u3010K\u1ef3 thi tuy\u1ec3n sinh theo h\u00ecnh th\u1ee9c ti\u1ebfn c\u1eed c\u1ee7a tr\u01b0\u1eddng (tr\u01b0\u1eddng ch\u1ec9 \u0111\u1ecbnh, tuy\u1ec3n sinh r\u1ed9ng r\u00e3i)\u3011<br\/>1. \u0110\u00e1p \u1ee9ng m\u1ed9t trong c\u00e1c \u0111i\u1ec1u ki\u1ec7n m\u1ee5c chung v\u00e0 c\u00f3 \u0111\u01b0\u1ee3c s\u1ef1 ti\u1ebfn c\u1eed c\u1ee7a hi\u1ec7u tr\u01b0\u1edfng tr\u01b0\u1eddng trung h\u1ecdc ph\u1ed5 th\u00f4ng (hi\u1ec7u tr\u01b0\u1edfng).<br\/>2. Nh\u1eefng ng\u01b0\u1eddi c\u00f3 nguy\u1ec7n v\u1ecdng v\u00e0o tr\u01b0\u1eddng \u0111\u1ea1i h\u1ecdc n\u00e0y l\u00e0 nguy\u1ec7n v\u1ecdng \u0111\u1ea7u ti\u00ean v\u00e0 c\u00f3 th\u1ec3 \u0111\u1ea3m b\u1ea3o nh\u1eadp h\u1ecdc n\u1ebfu tr\u00fang tuy\u1ec3n.<br\/>3. Nh\u1eefng ng\u01b0\u1eddi d\u1ef1 ki\u1ebfn t\u1ed1t nghi\u1ec7p tr\u01b0\u1eddng trung h\u1ecdc ph\u1ed5 th\u00f4ng ho\u1eb7c tr\u01b0\u1eddng trung h\u1ecdc c\u01a1 s\u1edf v\u00e0o th\u00e1ng 3 n\u0103m 2026.<br\/>4. K\u1ef3 thi tuy\u1ec3n sinh theo h\u00ecnh th\u1ee9c ti\u1ebfn c\u1eed c\u1ee7a tr\u01b0\u1eddng \u0111\u01b0\u1ee3c chia th\u00e0nh hai lo\u1ea1i: tr\u01b0\u1eddng ch\u1ec9 \u0111\u1ecbnh v\u00e0 tuy\u1ec3n sinh r\u1ed9ng r\u00e3i, v\u00e0 c\u00e1c \u0111i\u1ec1u ki\u1ec7n cho m\u1ed7i lo\u1ea1i nh\u01b0 sau:<br\/>\u3000Ti\u1ebfn c\u1eed tr\u01b0\u1eddng ch\u1ec9 \u0111\u1ecbnh: Nh\u1eefng ng\u01b0\u1eddi c\u00f3 \u0111i\u1ec3m trung b\u00ecnh h\u1ecdc t\u1eadp chung (\u0111i\u1ec3m trung b\u00ecnh) t\u1eeb 3.5 tr\u1edf l\u00ean sau khi c\u1ed9ng \u0111i\u1ec3m v\u00e0 \u0111ang theo h\u1ecdc t\u1ea1i m\u1ed9t tr\u01b0\u1eddng ch\u1ec9 \u0111\u1ecbnh do tr\u01b0\u1eddng \u0111\u1ea1i h\u1ecdc n\u00e0y quy \u0111\u1ecbnh.<br\/>\u3000Ti\u1ebfn c\u1eed tuy\u1ec3n sinh r\u1ed9ng r\u00e3i: \u0110i\u1ec3m trung b\u00ecnh h\u1ecdc t\u1eadp chung (\u0111i\u1ec3m trung b\u00ecnh) t\u1eeb 3.8 tr\u1edf l\u00ean sau khi c\u1ed9ng \u0111i\u1ec3m.<br\/>\u203bNh\u1eefng ng\u01b0\u1eddi c\u00f3 ch\u1ee9ng ch\u1ec9 HSK c\u1ea5p 4 tr\u1edf l\u00ean ho\u1eb7c ch\u1ee9ng ch\u1ec9 ti\u1ebfng Trung c\u1ea5p 3 tr\u1edf l\u00ean ho\u1eb7c ch\u1ee9ng ch\u1ec9 Eiken c\u1ea5p 2 tr\u1edf l\u00ean s\u1ebd \u0111\u01b0\u1ee3c c\u1ed9ng th\u00eam 0.2 v\u00e0o \u0111i\u1ec3m trung b\u00ecnh. \u203bCh\u1ec9 c\u1ed9ng \u0111i\u1ec3m cho 1 m\u1ee5c.<br\/><br\/>\u3010K\u1ef3 thi tuy\u1ec3n sinh chung\u3011<br\/>Nh\u1eefng ng\u01b0\u1eddi \u0111\u00e1p \u1ee9ng c\u00e1c \u0111i\u1ec1u ki\u1ec7n c\u1ee7a m\u1ee5c chung. <br\/><br\/>\u3010Sinh vi\u00ean qu\u1ed1c t\u1ebf\u3011<br\/>Nh\u1eefng ng\u01b0\u1eddi \u0111\u00e1p \u1ee9ng b\u1ea5t k\u1ef3 \u0111i\u1ec1u ki\u1ec7n n\u00e0o trong c\u00e1c m\u1ee5c chung tr\u00ean ho\u1eb7c \u0111\u00e1p \u1ee9ng c\u00e1c m\u1ee5c sau:<br\/>\u30fbNh\u1eefng ng\u01b0\u1eddi d\u1ef1 ki\u1ebfn ho\u00e0n th\u00e0nh ch\u01b0\u01a1ng tr\u00ecnh h\u1ecdc th\u00f4ng th\u01b0\u1eddng t\u1eeb 12 n\u0103m tr\u1edf l\u00ean t\u1ea1i m\u1ed9t tr\u01b0\u1eddng h\u1ecdc \u1edf n\u01b0\u1edbc ngo\u00e0i. Ho\u1eb7c nh\u1eefng ng\u01b0\u1eddi \u0111\u00e3 ho\u00e0n th\u00e0nh.<br\/>\u3000(Trong tr\u01b0\u1eddng h\u1ee3p kh\u00f3a h\u1ecdc d\u01b0\u1edbi 12 n\u0103m, nh\u1eefng ng\u01b0\u1eddi \u0111\u00e3 ho\u00e0n th\u00e0nh kh\u00f3a h\u1ecdc d\u1ef1 b\u1ecb)<br\/>\u30fbNh\u1eefng ng\u01b0\u1eddi h\u1ecdc t\u1eeb 1 n\u0103m tr\u1edf l\u00ean t\u1ea1i m\u1ed9t c\u01a1 s\u1edf gi\u00e1o d\u1ee5c ti\u1ebfng Nh\u1eadt v\u1edbi t\u01b0 c\u00e1ch l\u01b0u tr\u00fa l\u00e0 &#8220;Du h\u1ecdc&#8221;, \u0111\u01b0\u1ee3c B\u1ed9 tr\u01b0\u1edfng B\u1ed9 T\u01b0 ph\u00e1p Nh\u1eadt B\u1ea3n c\u00f4ng b\u1ed1, ho\u1eb7c nh\u1eefng ng\u01b0\u1eddi c\u00f3 tr\u00ecnh \u0111\u1ed9 ti\u1ebfng Nh\u1eadt t\u01b0\u01a1ng \u0111\u01b0\u01a1ng c\u1ea5p \u0111\u1ed9 N2.<br\/>\u203bVui l\u00f2ng li\u00ean h\u1ec7 v\u1edbi ch\u00fang t\u00f4i n\u1ebfu b\u1ea1n mu\u1ed1n \u0111\u01b0\u1ee3c ti\u1ebfn c\u1eed t\u1eeb tr\u01b0\u1eddng ti\u1ebfng Nh\u1eadt, chuy\u1ec3n ti\u1ebfp ho\u1eb7c h\u1ecdc v\u01b0\u1ee3t c\u1ea5p.<\/p>\n\n<h3 class=\"wp-block-heading\">Quy tr\u00ecnh n\u1ed9p \u0111\u01a1n v\u00e0 c\u00e1c gi\u1ea5y t\u1edd c\u1ea7n thi\u1ebft<\/h3>\n\n<p class=\"u-mb-ctrl u-mb-0\"><strong><span class=\"swl-fz u-fz-l\">C\u00e1ch th\u1ee9c n\u1ed9p \u0111\u01a1n<\/span><br\/>\uff11\uff0eN\u1ed9p \u0111\u01a1n tr\u1ef1c tuy\u1ebfn<\/strong><\/p>\n\n<p class=\"u-mb-ctrl u-mb-0\">\u3000\u3000Truy c\u1eadp v\u00e0o m\u1eabu \u0111\u01a1n \u0111\u0103ng k\u00fd WEB t\u1eeb n\u00fat b\u00ean d\u01b0\u1edbi, nh\u1eadp c\u00e1c m\u1ee5c c\u1ea7n thi\u1ebft v\u00e0 n\u1ed9p (g\u1eedi d\u1eef li\u1ec7u) c\u00e1c gi\u1ea5y t\u1edd c\u1ea7n thi\u1ebft.<\/p>\n\n<p class=\"u-mb-ctrl u-mb-0\">Vui l\u00f2ng t\u1ea3i l\u00ean<\/p>\n\n<div class=\"swell-block-button is-style-btn_normal\"><a href=\"https:\/\/szu-tokyo.jp\/applyform\/\" class=\"swell-block-button__link\"><span>M\u1eabu \u0111\u01a1n \u0111\u0103ng k\u00fd WEB<\/span><\/a><\/div>\n\n<p>\u3000\u3000Nh\u1eadp t\u1eebng m\u1ee5c, \u0111\u1ed9ng c\u01a1 \u0111\u0103ng k\u00fd (kho\u1ea3ng 200-300 ch\u1eef), b\u00e1o c\u00e1o ho\u1ea1t \u0111\u1ed9ng (ho\u1ea1t \u0111\u1ed9ng t\u00ecnh nguy\u1ec7n, ho\u1ea1t \u0111\u1ed9ng ngo\u1ea1i kh\u00f3a, ch\u1ee9ng ch\u1ec9 \u0111\u00e3 \u0111\u1ea1t \u0111\u01b0\u1ee3c, v.v. \u203bCh\u1ec9 d\u00e0nh cho ng\u01b0\u1eddi d\u1ef1 thi tuy\u1ec3n sinh t\u1ed5ng h\u1ee3p)<\/p>\n\n<p class=\"has-border -border02\"><strong><span class=\"swl-fz u-fz-l\">N\u1ed9p d\u1eef li\u1ec7u<\/span><\/strong><br\/>\u30fb1 \u1ea3nh ch\u00e2n dung (d\u1ecdc 4cm x ngang 3cm) \u203b\u1ea2nh ch\u1ee5p trong v\u00f2ng 3 th\u00e1ng g\u1ea7n nh\u1ea5t, kh\u00f4ng \u0111\u1ed9i m\u0169, n\u1ec1n tr\u1eafng ho\u1eb7c xanh. <br\/>\u30fb\u1ea2nh ho\u1eb7c b\u1ea3n sao m\u00e0u h\u1ed9 chi\u1ebfu <br\/>\u30fb\u1ea2nh ho\u1eb7c b\u1ea3n sao m\u00e0u ch\u1ee9ng ch\u1ec9 tr\u00ecnh \u0111\u1ed9 ti\u1ebfng Trung (t\u00f9y ch\u1ecdn, ch\u1ec9 n\u1ed9p n\u1ebfu c\u00f3 ch\u1ee9ng ch\u1ec9)<br\/><br\/>\u203bT\u1ea3i l\u00ean khi n\u1ed9p \u0111\u01a1n ho\u1eb7c g\u1eedi qua email tr\u01b0\u1edbc k\u1ef3 thi (<a href=\"mailto:info-szu@szu-tokyo.jp\">info-szu@szu-tokyo.jp<\/a>)<\/p>\n\n<p class=\"u-mb-ctrl u-mb-0\"><strong>\uff12\uff0eG\u1eedi c\u00e1c gi\u1ea5y t\u1edd c\u1ea7n thi\u1ebft sau \u0111\u00e2y qua \u0111\u01b0\u1eddng b\u01b0u \u0111i\u1ec7n<\/strong><\/p>\n\n<p class=\"has-border -border02\"><strong><span class=\"swl-fz u-fz-l\">G\u1eedi qua \u0111\u01b0\u1eddng b\u01b0u \u0111i\u1ec7n<\/span><\/strong><br\/>\u3000<strong>H\u1ecdc b\u1ea1<\/strong>\u3000\u203bTuy\u1ec7t \u0111\u1ed1i kh\u00f4ng m\u1edf\u3000\u203bN\u1ebfu c\u00f3 th\u1ec3 ph\u00e1t h\u00e0nh b\u1ea3n ti\u1ebfng Anh, vui l\u00f2ng s\u1eed d\u1ee5ng b\u1ea3n ti\u1ebfng Anh<br\/>\u3000\u3000\u3000\u3000\u3000\u203bN\u1ebfu h\u1ecdc b\u1ea1 kh\u00f4ng ghi ng\u00e0y d\u1ef1 ki\u1ebfn t\u1ed1t nghi\u1ec7p, c\u1ea7n c\u00f3 gi\u1ea5y ch\u1ee9ng nh\u1eadn d\u1ef1 ki\u1ebfn t\u1ed1t nghi\u1ec7p.<br\/>\u3000\u3000\u3000\u3000\u3000\u203bVui l\u00f2ng li\u00ean h\u1ec7 v\u1edbi ch\u00fang t\u00f4i n\u1ebfu b\u1ea1n kh\u00f4ng th\u1ec3 chu\u1ea9n b\u1ecb h\u1ecdc b\u1ea1.<br\/>\u3000<strong>Th\u01b0 gi\u1edbi thi\u1ec7u<\/strong>\u3000\u203bCh\u1ec9 d\u00e0nh cho tuy\u1ec3n sinh theo h\u00ecnh th\u1ee9c ti\u1ebfn c\u1eed c\u1ee7a tr\u01b0\u1eddng\u3000<strong>Tr\u01b0\u1eddng ch\u1ec9 \u0111\u1ecbnh<\/strong> \u3000Th\u01b0 gi\u1edbi thi\u1ec7u \u0111\u01b0\u1ee3c tr\u01b0\u1eddng \u0111\u1ea1i h\u1ecdc n\u00e0y g\u1eedi \u0111\u1ebfn tr\u01b0\u1eddng trung h\u1ecdc ph\u1ed5 th\u00f4ng<br\/>\u3000\u3000\u3000\u3000\u3000\u3000\u3000\u3000\u3000\u3000\u3000\u3000\u3000\u3000\u3000\u3000\u3000<strong>Tuy\u1ec3n sinh r\u1ed9ng r\u00e3i<\/strong> \u3000<a href=\"https:\/\/szu-tokyo.jp\/downloads\/\">T\u1ea3i xu\u1ed1ng th\u01b0 gi\u1edbi thi\u1ec7u cho tuy\u1ec3n sinh r\u1ed9ng r\u00e3i<\/a><\/p>\n\n<p class=\"u-mb-ctrl u-mb-0\">\u0110\u1ecba ch\u1ec9 g\u1eedi th\u01b0<\/p>\n\n<p class=\"u-mb-ctrl u-mb-20 has-border -border01\">Ph\u00f2ng tuy\u1ec3n sinh \u0110\u1ea1i h\u1ecdc Th\u00e2m Quy\u1ebfn, c\u01a1 s\u1edf Tokyo, 3F, 1-22-5 Yotsuya, Shinjuku-ku, Tokyo 160-0004<\/p>\n\n<h4 class=\"wp-block-heading\">C\u00e1c gi\u1ea5y t\u1edd c\u1ea7n thi\u1ebft kh\u00e1c<\/h4>\n\n<p class=\"u-mb-ctrl u-mb-0\"><strong>C\u00e1c gi\u1ea5y t\u1edd c\u1ea7n thi\u1ebft b\u1ed5 sung cho h\u1ecdc sinh c\u00f3 cha m\u1eb9 mang qu\u1ed1c t\u1ecbch Trung Qu\u1ed1c<\/strong><br\/>\u3000\u30fbGi\u1ea5y t\u1edd ch\u1ee9ng minh vi\u1ec7c sinh ra \u1edf n\u01b0\u1edbc ngo\u00e0i ho\u1eb7c gi\u1ea5y t\u1edd ch\u00ednh th\u1ee9c h\u1ee7y b\u1ecf h\u1ed9 kh\u1ea9u ho\u1eb7c qu\u1ed1c t\u1ecbch Trung Qu\u1ed1c<\/p>\n\n<p class=\"u-mb-ctrl u-mb-0\">\u3000\u30fbB\u1ea3n g\u1ed1c s\u1ed5 h\u1ed9 kh\u1ea9u<br\/>\u3000\u30fbB\u1ea3n sao m\u00e0u ho\u1eb7c \u1ea3nh ch\u1ee5p c\u00e1c trang c\u00f3 ghi th\u00f4ng tin xu\u1ea5t nh\u1eadp c\u1ea3nh trong h\u1ed9 chi\u1ebfu trong 4 n\u0103m g\u1ea7n nh\u1ea5t<\/p>\n\n<p>  \u30fbB\u1ea3n sao m\u00e0u ho\u1eb7c \u1ea3nh ch\u1ee5p gi\u1ea5y ph\u00e9p c\u01b0 tr\u00fa c\u1ee7a cha m\u1eb9 mang qu\u1ed1c t\u1ecbch Trung Qu\u1ed1c<\/p>\n\n<p><span class=\"swl-inline-color has-swl-deep-01-color\">\u203b\u3000Ch\u00fang t\u00f4i s\u1ebd li\u00ean h\u1ec7 v\u1edbi b\u1ea1n qua \u0111i\u1ec7n tho\u1ea1i ho\u1eb7c email v\u1ec1 vi\u1ec7c c\u00f3 v\u01b0\u1ee3t qua v\u00f2ng x\u00e9t duy\u1ec7t h\u1ed3 s\u01a1 hay kh\u00f4ng, l\u1ecbch thi v\u00e0 vi\u1ec7c n\u1ed9p l\u1ec7 ph\u00ed tuy\u1ec3n sinh.<\/span><\/p>\n\n<h3 class=\"wp-block-heading u-mb-ctrl u-mb-30\">L\u1ecbch tr\u00ecnh tuy\u1ec3n sinh<\/h3>\n\n<h4 class=\"wp-block-heading\">Nh\u1eadp h\u1ecdc th\u00e1ng 10 n\u0103m 2025<\/h4>\n\n<figure class=\"wp-block-image size-full\"><img decoding=\"async\" src=\"https:\/\/szu-tokyo.jp\/wp-content\/uploads\/2025\/03\/10&#x6708;&#xFF3F;2026&#x5165;&#x5B66;&#x65E5;&#x7A0B;-1.png\" alt=\"\" class=\"wp-image-4501\"\/><\/figure>\n\n<h4 class=\"wp-block-heading u-mb-ctrl u-mb-20\">Nh\u1eadp h\u1ecdc th\u00e1ng 4 n\u0103m 2026<\/h4>\n\n<figure class=\"wp-block-image size-full u-mb-ctrl u-mb-10\"><img decoding=\"async\" src=\"https:\/\/szu-tokyo.jp\/wp-content\/uploads\/2025\/03\/4&#x6708;&#xFF3F;2026&#x5165;&#x5B66;&#x65E5;&#x7A0B;.png\" alt=\"\" class=\"wp-image-4505\"\/><\/figure>\n\n<p class=\"u-mb-ctrl u-mb-30\">* Nh\u1eefng ng\u01b0\u1eddi \u0111\u00e3 h\u1ecdc ti\u1ebfng Trung s\u1ebd \u0111\u01b0\u1ee3c x\u00e9t tuy\u1ec3n v\u00e0o c\u00e1c l\u1edbp cao h\u01a1n ho\u1eb7c b\u1ecf qua m\u1ed9t s\u1ed1 l\u1edbp d\u1ef1a tr\u00ean kh\u1ea3 n\u0103ng h\u1ecdc t\u1eadp v\u00e0 k\u1ebft qu\u1ea3 thi.<br\/>N\u1ebfu b\u1ea1n mu\u1ed1n b\u1ecf qua m\u1ed9t s\u1ed1 l\u1edbp, vui l\u00f2ng \u0111i\u1ec1n c\u00e1c th\u00f4ng tin c\u1ea7n thi\u1ebft v\u00e0o m\u1ee5c \u0111\u0103ng k\u00fd Web.<br\/>Ngo\u00e0i ra, b\u1ea1n s\u1ebd ph\u1ea3i l\u00e0m b\u00e0i ki\u1ec3m tra c\u00f4ng nh\u1eadn t\u00edn ch\u1ec9 \u0111\u1ec3 \u0111\u01b0\u1ee3c c\u1ea5p t\u00edn ch\u1ec9 sau khi nh\u1eadp h\u1ecdc.<\/p>\n\n<h3 class=\"wp-block-heading u-mb-ctrl u-mb-30\">Ph\u01b0\u01a1ng ph\u00e1p tuy\u1ec3n ch\u1ecdn<\/h3>\n\n<h4 class=\"wp-block-heading\">K\u1ef3 thi tuy\u1ec3n sinh t\u1ed5ng h\u1ee3p<\/h4>\n\n<figure class=\"wp-block-flexible-table-block-table is-thead-centered u-mb-ctrl u-mb-20\"><table class=\"\"><tbody><tr><td rowspan=\"3\">Ng\u01b0\u1eddi ch\u01b0a h\u1ecdc ti\u1ebfng Trung<\/td><td>X\u00e9t duy\u1ec7t h\u1ed3 s\u01a1<\/td><td><\/td><td><\/td><\/tr><tr><td>Ti\u1ec3u lu\u1eadn<\/td><td>60 ph\u00fat<\/td><td>\u0110\u1eb7t c\u00e2u h\u1ecfi v\u1ec1 \u00fd th\u1ee9c v\u1ea5n \u0111\u1ec1 li\u00ean quan \u0111\u1ebfn s\u1ef1 c\u1ea7n thi\u1ebft c\u1ee7a ngu\u1ed3n nh\u00e2n l\u1ef1c to\u00e0n c\u1ea7u (800 ch\u1eef)<\/td><\/tr><tr><td>Ph\u1ecfng v\u1ea5n<\/td><td>Kho\u1ea3ng 10 ph\u00fat<\/td><td>T\u1ef1 gi\u1edbi thi\u1ec7u (ti\u1ebfng Nh\u1eadt), v.v.<\/td><\/tr><tr><td rowspan=\"3\">Ng\u01b0\u1eddi \u0111\u00e3 h\u1ecdc ti\u1ebfng Trung<\/td><td>X\u00e9t duy\u1ec7t h\u1ed3 s\u01a1<\/td><td><\/td><td><\/td><\/tr><tr><td>Thi vi\u1ebft<\/td><td>60 ph\u00fat<\/td><td>2 ph\u1ea7n: \u0111\u1ecdc hi\u1ec3u ti\u1ebfng Trung v\u00e0 vi\u1ebft<\/td><\/tr><tr><td>Ph\u1ecfng v\u1ea5n<\/td><td>Kho\u1ea3ng 10 ph\u00fat<\/td><td>T\u1ef1 gi\u1edbi thi\u1ec7u (ti\u1ebfng Trung), v.v.<\/td><\/tr><\/tbody><\/table><figcaption>\u203bNh\u1eefng ng\u01b0\u1eddi c\u00f3 tr\u00ecnh \u0111\u1ed9 HSK c\u1ea5p 4 tr\u1edf l\u00ean s\u1ebd \u0111\u01b0\u1ee3c y\u00eau c\u1ea7u tham gia k\u1ef3 thi v\u1edbi t\u01b0 c\u00e1ch l\u00e0 ng\u01b0\u1eddi \u0111\u00e3 h\u1ecdc.<br>\u203b\u0110i\u1ec3m s\u1ebd \u0111\u01b0\u1ee3c c\u1ed9ng (t\u1ed1i \u0111a 50 \u0111i\u1ec3m) cho vi\u1ec7c \u0111\u1ea1t \u0111\u01b0\u1ee3c c\u00e1c ch\u1ee9ng ch\u1ec9 kh\u00e1c nhau (Proken, Kanken, Eiken, v.v.), n\u1ed9p b\u00e1o c\u00e1o ho\u1ea1t \u0111\u1ed9ng nghi\u00ean c\u1ee9u, n\u1ed9p b\u00e1o c\u00e1o ho\u1ea1t \u0111\u1ed9ng t\u00ecnh nguy\u1ec7n\/ngo\u1ea1i kh\u00f3a.<br>C\u00e1c ch\u1ee9ng ch\u1ec9 kh\u00e1c nhau: N\u1ed9p ch\u1ee9ng ch\u1ec9 ho\u1eb7c b\u1ea3n sao c\u1ee7a ch\u1ee9ng ch\u1ec9 (g\u1eedi qua \u0111\u01b0\u1eddng b\u01b0u \u0111i\u1ec7n ho\u1eb7c n\u1ed9p d\u1eef li\u1ec7u)<br>Ho\u1ea1t \u0111\u1ed9ng nghi\u00ean c\u1ee9u: N\u1ed9p b\u00e1o c\u00e1o hi\u1ec7n c\u00f3 (g\u1eedi qua \u0111\u01b0\u1eddng b\u01b0u \u0111i\u1ec7n ho\u1eb7c n\u1ed9p d\u1eef li\u1ec7u)<br>Vui l\u00f2ng n\u1ed9p d\u1eef li\u1ec7u chi ti\u1ebft v\u1ec1 b\u00e1o c\u00e1o ho\u1ea1t \u0111\u1ed9ng t\u00ecnh nguy\u1ec7n\/ngo\u1ea1i kh\u00f3a theo m\u1eabu quy \u0111\u1ecbnh khi \u0111\u0103ng k\u00fd WEB.<\/figcaption><\/figure>\n\n<h4 class=\"wp-block-heading\">K\u1ef3 thi tuy\u1ec3n sinh theo h\u00ecnh th\u1ee9c ti\u1ebfn c\u1eed c\u1ee7a tr\u01b0\u1eddng (tr\u01b0\u1eddng ch\u1ec9 \u0111\u1ecbnh, tuy\u1ec3n sinh r\u1ed9ng r\u00e3i)<\/h4>\n\n<figure class=\"wp-block-flexible-table-block-table is-thead-centered u-mb-ctrl u-mb-20\"><table class=\"\"><tbody><tr><td rowspan=\"2\">Ng\u01b0\u1eddi ch\u01b0a h\u1ecdc ti\u1ebfng Trung<\/td><td>X\u00e9t duy\u1ec7t h\u1ed3 s\u01a1<\/td><td><\/td><td><\/td><\/tr><tr><td>Ph\u1ecfng v\u1ea5n<\/td><td>Kho\u1ea3ng 10 ph\u00fat<\/td><td>T\u1ef1 gi\u1edbi thi\u1ec7u (ti\u1ebfng Nh\u1eadt), v.v.<\/td><\/tr><tr><td rowspan=\"2\">Ng\u01b0\u1eddi \u0111\u00e3 h\u1ecdc ti\u1ebfng Trung<\/td><td>X\u00e9t duy\u1ec7t h\u1ed3 s\u01a1<\/td><td><\/td><td><\/td><\/tr><tr><td>Ph\u1ecfng v\u1ea5n<\/td><td>Kho\u1ea3ng 10 ph\u00fat<\/td><td>T\u1ef1 gi\u1edbi thi\u1ec7u (ti\u1ebfng Trung), v.v.<\/td><\/tr><\/tbody><\/table><figcaption>Nh\u1eefng ng\u01b0\u1eddi c\u00f3 tr\u00ecnh \u0111\u1ed9 HSK4 tr\u1edf l\u00ean s\u1ebd \u0111\u01b0\u1ee3c y\u00eau c\u1ea7u l\u00e0m b\u00e0i ki\u1ec3m tra d\u00e0nh cho ng\u01b0\u1eddi \u0111\u00e3 h\u1ecdc.<\/figcaption><\/figure>\n\n<h4 class=\"wp-block-heading\">K\u1ef3 thi tuy\u1ec3n sinh chung<\/h4>\n\n<figure class=\"wp-block-table is-thead-centered\"><table><tbody><tr><td>X\u00e9t duy\u1ec7t h\u1ed3 s\u01a1, ki\u1ec3m tra h\u1ecdc l\u1ef1c 2 m\u00f4n<\/td><td>L\u1ef1a ch\u1ecdn: Ng\u1eef v\u0103n, To\u00e1n h\u1ecdc, Th\u00f4ng tin I, Ngo\u1ea1i ng\u1eef <l><\/l>ti\u1ebfng Anh\/ti\u1ebfng Trung&gt;<\/td><\/tr><\/tbody><\/table><\/figure>\n\n<p><strong>\u203bVi\u1ec7c ch\u01b0a h\u1ecdc ho\u1eb7c \u0111\u00e3 h\u1ecdc ti\u1ebfng Trung kh\u00f4ng \u1ea3nh h\u01b0\u1edfng \u0111\u1ebfn k\u1ebft qu\u1ea3 thi.<br\/><\/strong><\/p>\n\n\n","protected":false},"excerpt":{"rendered":"<p>C\u00e1ch th\u1ee9c v\u00e0 t\u00e0i li\u1ec7u c\u1ea7n thi\u1ebft \u0111\u1ec3 n\u1ed9p \u0111\u01a1n Ch\u00ednh s\u00e1ch tuy\u1ec3n sinh (Ph\u01b0\u01a1ng ch\u00e2m ti\u1ebfp nh\u1eadn sinh vi\u00ean) \u30fbNh\u1eefng ng\u01b0\u1eddi mu\u1ed1n h\u1ecdc ti\u1ebfng Trung th\u01b0\u01a1ng m\u1ea1i v\u00e0 ho\u1ea1t \u0111\u1ed9ng t\u00edch c\u1ef1c tr\u00ean to\u00e0n c\u1ea7u trong nhi\u1ec1u l\u0129nh v\u1ef1c nh\u01b0 th\u01b0\u01a1ng m\u1ea1i, du l\u1ecbch, s\u1ea3n xu\u1ea5t, kh\u1edfi nghi\u1ec7p v\u00e0 CNTT.\u30fbNh\u1eefng ng\u01b0\u1eddi quan t\u00e2m \u0111\u1ebfn [&hellip;]<\/p>\n","protected":false},"author":1,"featured_media":6135,"parent":0,"menu_order":0,"comment_status":"closed","ping_status":"closed","template":"","meta":{"_monsterinsights_skip_tracking":false,"_monsterinsights_sitenote_active":false,"_monsterinsights_sitenote_note":"","_monsterinsights_sitenote_category":0,"swell_btn_cv_data":"","footnotes":""},"class_list":["post-12653","page","type-page","status-publish","has-post-thumbnail","hentry"],"_links":{"self":[{"href":"https:\/\/szu-tokyo.jp\/vi\/wp-json\/wp\/v2\/pages\/12653","targetHints":{"allow":["GET"]}}],"collection":[{"href":"https:\/\/szu-tokyo.jp\/vi\/wp-json\/wp\/v2\/pages"}],"about":[{"href":"https:\/\/szu-tokyo.jp\/vi\/wp-json\/wp\/v2\/types\/page"}],"author":[{"embeddable":true,"href":"https:\/\/szu-tokyo.jp\/vi\/wp-json\/wp\/v2\/users\/1"}],"replies":[{"embeddable":true,"href":"https:\/\/szu-tokyo.jp\/vi\/wp-json\/wp\/v2\/comments?post=12653"}],"version-history":[{"count":1,"href":"https:\/\/szu-tokyo.jp\/vi\/wp-json\/wp\/v2\/pages\/12653\/revisions"}],"predecessor-version":[{"id":12654,"href":"https:\/\/szu-tokyo.jp\/vi\/wp-json\/wp\/v2\/pages\/12653\/revisions\/12654"}],"wp:featuredmedia":[{"embeddable":true,"href":"https:\/\/szu-tokyo.jp\/vi\/wp-json\/wp\/v2\/media\/6135"}],"wp:attachment":[{"href":"https:\/\/szu-tokyo.jp\/vi\/wp-json\/wp\/v2\/media?parent=12653"}],"curies":[{"name":"wp","href":"https:\/\/api.w.org\/{rel}","templated":true}]}}