{"id":12660,"date":"2023-01-01T07:26:01","date_gmt":"2022-12-31T22:26:01","guid":{"rendered":"https:\/\/szu-tokyo.jp\/ve-hoc-phi\/"},"modified":"2025-12-17T12:58:09","modified_gmt":"2025-12-17T03:58:09","slug":"ve-hoc-phi","status":"publish","type":"page","link":"https:\/\/szu-tokyo.jp\/vi\/ve-hoc-phi\/","title":{"rendered":"V\u1ec1 h\u1ecdc ph\u00ed"},"content":{"rendered":"\n<p>H\u1ecdc ph\u00ed n\u0103m 2024 c\u1ee7a \u0110\u1ea1i h\u1ecdc Th\u00e2m Quy\u1ebfn, c\u01a1 s\u1edf Tokyo nh\u01b0 sau. Nh\u1eefng b\u1ea1n c\u00f3 tr\u00ecnh \u0111\u1ed9 ti\u1ebfng Trung t\u1eeb HSK c\u1ea5p 5 tr\u1edf l\u00ean c\u00f3 th\u1ec3 t\u1eadn d\u1ee5ng ch\u1ebf \u0111\u1ed9 h\u1ecdc v\u01b0\u1ee3t c\u1ea5p, nh\u1edd \u0111\u00f3 c\u00f3 th\u1ec3 gi\u1ea3m t\u1ed5ng chi ph\u00ed h\u1ecdc t\u1eadp.<\/p>\n\n<h3 class=\"wp-block-heading\">H\u1ecdc ph\u00ed<\/h3>\n\n<figure class=\"wp-block-table\"><table class=\"has-fixed-layout\"><thead><tr><th class=\"has-text-align-center\" data-align=\"center\"><\/th><th class=\"has-text-align-center\" data-align=\"center\">Ph\u00ed nh\u1eadp h\u1ecdc<\/th><th class=\"has-text-align-center\" data-align=\"center\">H\u1ecdc ph\u00ed<\/th><th class=\"has-text-align-center\" data-align=\"center\">Ph\u00ed c\u01a1 s\u1edf v\u1eadt ch\u1ea5t<\/th><th class=\"has-text-align-center\" data-align=\"center\">T\u1ed5ng c\u1ed9ng h\u00e0ng n\u0103m<\/th><\/tr><\/thead><tbody><tr><td class=\"has-text-align-center\" data-align=\"center\" data-has-cell-bg=\"1\" data-text-color=\"black\"><span class=\"swl-cell-bg has-swl-main-thin-background-color\" data-text-color=\"black\" aria-hidden=\"true\"> <\/span>T\u1ed5ng n\u0103m th\u1ee9 nh\u1ea5t<\/td><td class=\"has-text-align-center\" data-align=\"center\">150.000 y\u00ean<\/td><td class=\"has-text-align-center\" data-align=\"center\">880.000 y\u00ean<\/td><td class=\"has-text-align-center\" data-align=\"center\">110.000 y\u00ean<\/td><td class=\"has-text-align-center\" data-align=\"center\">1.140.000 y\u00ean<\/td><\/tr><tr><td class=\"has-text-align-center\" data-align=\"center\" data-has-cell-bg=\"1\" data-text-color=\"black\"><span class=\"swl-cell-bg has-swl-main-thin-background-color\" data-text-color=\"black\" aria-hidden=\"true\"> <\/span>T\u1ed5ng n\u0103m th\u1ee9 hai<\/td><td class=\"has-text-align-center\" data-align=\"center\">\u30fc<\/td><td class=\"has-text-align-center\" data-align=\"center\">880.000 y\u00ean<\/td><td class=\"has-text-align-center\" data-align=\"center\">110.000 y\u00ean<\/td><td class=\"has-text-align-center\" data-align=\"center\">990.000 y\u00ean<\/td><\/tr><tr><td class=\"has-text-align-center\" data-align=\"center\" data-has-cell-bg=\"1\" data-text-color=\"black\"><span class=\"swl-cell-bg has-swl-main-thin-background-color\" data-text-color=\"black\" aria-hidden=\"true\"> <\/span>T\u1ed5ng n\u0103m th\u1ee9 ba<\/td><td class=\"has-text-align-center\" data-align=\"center\">\u30fc<\/td><td class=\"has-text-align-center\" data-align=\"center\">880.000 y\u00ean<\/td><td class=\"has-text-align-center\" data-align=\"center\">110.000 y\u00ean<\/td><td class=\"has-text-align-center\" data-align=\"center\">990.000 y\u00ean<\/td><\/tr><tr><td class=\"has-text-align-center\" data-align=\"center\" data-has-cell-bg=\"1\" data-text-color=\"black\"><span class=\"swl-cell-bg has-swl-main-thin-background-color\" data-text-color=\"black\" aria-hidden=\"true\"> <\/span>T\u1ed5ng n\u0103m th\u1ee9 t\u01b0<\/td><td class=\"has-text-align-center\" data-align=\"center\">\u30fc<\/td><td class=\"has-text-align-center\" data-align=\"center\">880.000 y\u00ean<\/td><td class=\"has-text-align-center\" data-align=\"center\">110.000 y\u00ean<\/td><td class=\"has-text-align-center\" data-align=\"center\">990.000 y\u00ean<\/td><\/tr><\/tbody><\/table><figcaption class=\"wp-element-caption\">* Ngo\u00e0i c\u00e1c kho\u1ea3n tr\u00ean, m\u1ed7i n\u0103m s\u1ebd c\u00f3 th\u00eam 40.000 y\u00ean ph\u00ed s\u1ef1 ki\u1ec7n v\u00e0 h\u1ed9i sinh vi\u00ean, v\u00e0 40.000 y\u00ean ph\u00ed t\u00e0i li\u1ec7u h\u1ecdc t\u1eadp.<\/figcaption><\/figure>\n\n<p><strong>\u25a0 V\u1ec1 vi\u1ec7c n\u1ed9p h\u1ecdc ph\u00ed<\/strong><\/p>\n\n<p>Ng\u01b0\u1eddi tr\u00fang tuy\u1ec3n ph\u1ea3i ho\u00e0n th\u00e0nh vi\u1ec7c n\u1ed9p ph\u00ed nh\u1eadp h\u1ecdc trong v\u00f2ng 15 ng\u00e0y k\u1ec3 t\u1eeb ng\u00e0y nh\u1eadn \u0111\u01b0\u1ee3c th\u00f4ng b\u00e1o tr\u00fang tuy\u1ec3n. C\u00e1c kho\u1ea3n ph\u1ea3i n\u1ed9p kh\u00e1c (h\u1ecdc ph\u00ed v\u00e0 c\u00e1c kho\u1ea3n kh\u00e1c) ph\u1ea3i \u0111\u01b0\u1ee3c ho\u00e0n th\u00e0nh tr\u01b0\u1edbc cu\u1ed1i th\u00e1ng 2. * Vui l\u00f2ng chuy\u1ec3n kho\u1ea3n t\u1eeb ng\u00e2n h\u00e0ng tr\u1ef1c tuy\u1ebfn ho\u1eb7c ATM ho\u1eb7c qu\u1ea7y giao d\u1ecbch c\u1ee7a t\u1ed5 ch\u1ee9c t\u00e0i ch\u00ednh \u0111\u01b0\u1ee3c ch\u1ec9 \u0111\u1ecbnh trong th\u1eddi h\u1ea1n n\u1ed9p. * N\u1ebfu th\u1ee7 t\u1ee5c kh\u00f4ng \u0111\u01b0\u1ee3c ho\u00e0n th\u00e0nh tr\u01b0\u1edbc th\u1eddi h\u1ea1n th\u1ee7 t\u1ee5c nh\u1eadp h\u1ecdc, ch\u00fang t\u00f4i c\u00f3 th\u1ec3 coi nh\u01b0 b\u1ea1n kh\u00f4ng c\u00f3 \u00fd \u0111\u1ecbnh nh\u1eadp h\u1ecdc v\u00e0 h\u1ee7y b\u1ecf vi\u1ec7c nh\u1eadp h\u1ecdc.<\/p>\n\n<p><strong>\u25a0 V\u1ec1 chi ph\u00ed c\u00f4ng nh\u1eadn t\u00edn ch\u1ec9<\/strong><\/p>\n\n<p>Nh\u1eefng ng\u01b0\u1eddi h\u1ecdc v\u01b0\u1ee3t c\u1ea5p ho\u1eb7c chuy\u1ec3n ti\u1ebfp v\u00e0o n\u0103m th\u1ee9 2 ho\u1eb7c n\u0103m th\u1ee9 3, ho\u1eb7c nh\u1eadp h\u1ecdc v\u00e0o th\u00e1ng 10, s\u1ebd ph\u1ea3i tr\u1ea3 20.000 y\u00ean cho m\u1ed7i m\u00f4n h\u1ecdc nh\u01b0 l\u00e0 ph\u00ed x\u00e9t duy\u1ec7t c\u00f4ng nh\u1eadn t\u00edn ch\u1ec9.<\/p>\n\n\n","protected":false},"excerpt":{"rendered":"<p>H\u1ecdc ph\u00ed n\u0103m 2024 c\u1ee7a \u0110\u1ea1i h\u1ecdc Th\u00e2m Quy\u1ebfn, c\u01a1 s\u1edf Tokyo nh\u01b0 sau. Nh\u1eefng b\u1ea1n c\u00f3 tr\u00ecnh \u0111\u1ed9 ti\u1ebfng Trung t\u1eeb HSK c\u1ea5p 5 tr\u1edf l\u00ean c\u00f3 th\u1ec3 t\u1eadn d\u1ee5ng ch\u1ebf \u0111\u1ed9 h\u1ecdc v\u01b0\u1ee3t c\u1ea5p, nh\u1edd \u0111\u00f3 c\u00f3 th\u1ec3 gi\u1ea3m t\u1ed5ng chi ph\u00ed h\u1ecdc t\u1eadp. H\u1ecdc ph\u00ed Ph\u00ed nh\u1eadp h\u1ecdc H\u1ecdc ph\u00ed Ph\u00ed c\u01a1 [&hellip;]<\/p>\n","protected":false},"author":1,"featured_media":0,"parent":0,"menu_order":0,"comment_status":"closed","ping_status":"closed","template":"","meta":{"_monsterinsights_skip_tracking":false,"_monsterinsights_sitenote_active":false,"_monsterinsights_sitenote_note":"","_monsterinsights_sitenote_category":0,"swell_btn_cv_data":"","footnotes":""},"class_list":["post-12660","page","type-page","status-publish","hentry"],"_links":{"self":[{"href":"https:\/\/szu-tokyo.jp\/vi\/wp-json\/wp\/v2\/pages\/12660","targetHints":{"allow":["GET"]}}],"collection":[{"href":"https:\/\/szu-tokyo.jp\/vi\/wp-json\/wp\/v2\/pages"}],"about":[{"href":"https:\/\/szu-tokyo.jp\/vi\/wp-json\/wp\/v2\/types\/page"}],"author":[{"embeddable":true,"href":"https:\/\/szu-tokyo.jp\/vi\/wp-json\/wp\/v2\/users\/1"}],"replies":[{"embeddable":true,"href":"https:\/\/szu-tokyo.jp\/vi\/wp-json\/wp\/v2\/comments?post=12660"}],"version-history":[{"count":1,"href":"https:\/\/szu-tokyo.jp\/vi\/wp-json\/wp\/v2\/pages\/12660\/revisions"}],"predecessor-version":[{"id":12661,"href":"https:\/\/szu-tokyo.jp\/vi\/wp-json\/wp\/v2\/pages\/12660\/revisions\/12661"}],"wp:attachment":[{"href":"https:\/\/szu-tokyo.jp\/vi\/wp-json\/wp\/v2\/media?parent=12660"}],"curies":[{"name":"wp","href":"https:\/\/api.w.org\/{rel}","templated":true}]}}