{"id":12668,"date":"2022-12-31T15:14:09","date_gmt":"2022-12-31T06:14:09","guid":{"rendered":"https:\/\/szu-tokyo.jp\/ve-che-do-hoc-bong\/"},"modified":"2025-12-17T14:09:29","modified_gmt":"2025-12-17T05:09:29","slug":"ve-che-do-hoc-bong","status":"publish","type":"page","link":"https:\/\/szu-tokyo.jp\/vi\/ve-che-do-hoc-bong\/","title":{"rendered":"V\u1ec1 ch\u1ebf \u0111\u1ed9 h\u1ecdc b\u1ed5ng"},"content":{"rendered":"\n<h3 class=\"wp-block-heading\">V\u1ec1 ch\u1ebf \u0111\u1ed9 h\u1ecdc b\u1ed5ng<\/h3>\n\n<p>Tr\u01b0\u1eddng \u0110\u1ea1i h\u1ecdc Th\u00e2m Quy\u1ebfn Tokyo cung c\u1ea5p nhi\u1ec1u lo\u1ea1i h\u1ecdc b\u1ed5ng nh\u01b0 \u0111\u01b0\u1ee3c li\u1ec7t k\u00ea d\u01b0\u1edbi \u0111\u00e2y. M\u1ed9t trong nh\u1eefng \u0111\u1eb7c \u0111i\u1ec3m ch\u00ednh l\u00e0 t\u1ea5t c\u1ea3 sinh vi\u00ean ch\u1ee9ng minh \u0111\u01b0\u1ee3c tr\u00ecnh \u0111\u1ed9 ti\u1ebfng Trung th\u00f4ng qua HSK tr\u01b0\u1edbc khi nh\u1eadp h\u1ecdc s\u1ebd \u0111\u01b0\u1ee3c trao h\u1ecdc b\u1ed5ng.<\/p>\n\n<figure class=\"wp-block-table\"><table class=\"has-fixed-layout\"><tbody><tr><td class=\"has-text-align-center\" data-align=\"center\" data-has-cell-bg=\"1\" data-text-color=\"black\"><span class=\"swl-cell-bg has-swl-main-thin-background-color\" data-text-color=\"black\" aria-hidden=\"true\"> <\/span>H\u1ecdc b\u1ed5ng<\/td><td class=\"has-text-align-center\" data-align=\"center\" data-has-cell-bg=\"1\" data-text-color=\"black\"><span class=\"swl-cell-bg has-swl-main-thin-background-color\" data-text-color=\"black\" aria-hidden=\"true\"> <\/span>H\u00ecnh th\u1ee9c<\/td><td class=\"has-text-align-left\" data-align=\"left\" colspan=\"2\" data-has-cell-bg=\"1\" data-text-color=\"black\"><span class=\"swl-cell-bg has-swl-main-thin-background-color\" data-text-color=\"black\" aria-hidden=\"true\"> <\/span>Gi\u00e1 tr\u1ecb<\/td><td data-has-cell-bg=\"1\" data-text-color=\"black\"><span class=\"swl-cell-bg has-swl-main-thin-background-color\" data-text-color=\"black\" aria-hidden=\"true\"> <\/span>\u0110\u0103ng k\u00fd<\/td><td class=\"has-text-align-center\" data-align=\"center\" data-has-cell-bg=\"1\" data-text-color=\"black\"><span class=\"swl-cell-bg has-swl-main-thin-background-color\" data-text-color=\"black\" aria-hidden=\"true\"> <\/span>N\u0103m<\/td><td colspan=\"2\" data-has-cell-bg=\"1\" data-text-color=\"black\"><span class=\"swl-cell-bg has-swl-main-thin-background-color\" data-text-color=\"black\" aria-hidden=\"true\"> <\/span>\u0110\u1ed1i t\u01b0\u1ee3ng<\/td><\/tr><tr><td class=\"has-text-align-center\" data-align=\"center\">H\u1ecdc b\u1ed5ng d\u00e0nh cho sinh vi\u00ean m\u1edbi xu\u1ea5t s\u1eafc<\/td><td class=\"has-text-align-center\" data-align=\"center\">Tr\u1ee3 c\u1ea5p<\/td><td class=\"has-text-align-left\" data-align=\"left\" colspan=\"2\">150.000 y\u00ean<\/td><td>Kh\u00f4ng b\u1eaft bu\u1ed9c<\/td><td class=\"has-text-align-center\" data-align=\"center\">Nh\u1eadp h\u1ecdc<\/td><td colspan=\"2\">Sinh vi\u00ean m\u1edbi nh\u1eadp h\u1ecdc c\u00f3 th\u00e0nh t\u00edch h\u1ecdc t\u1eadp xu\u1ea5t s\u1eafc v\u00e0 h\u1ea1nh ki\u1ec3m t\u1ed1t. \u01afu ti\u00ean cho ng\u01b0\u1eddi c\u00f3 ch\u1ee9ng ch\u1ec9 HSK v\u00e0 \u0111\u01b0\u1ee3c ti\u1ebfn c\u1eed t\u1eeb c\u00e1c tr\u01b0\u1eddng ch\u1ec9 \u0111\u1ecbnh. S\u1ed1 l\u01b0\u1ee3ng c\u00f3 h\u1ea1n.<\/td><\/tr><tr><td class=\"has-text-align-center\" data-align=\"center\">H\u1ecdc b\u1ed5ng n\u0103ng l\u1ef1c ti\u1ebfng Trung<\/td><td class=\"has-text-align-center\" data-align=\"center\">Tr\u1ee3 c\u1ea5p<\/td><td class=\"has-text-align-left\" data-align=\"left\" colspan=\"2\">HSK c\u1ea5p 6 \u0111\u1ea1t t\u1eeb 240 \u0111i\u1ec3m tr\u1edf l\u00ean, Anh v\u0103n lo\u1ea1i \u01b0u, JLPT N1: 240.000 y\u00ean<br\/>HSK c\u1ea5p 5 \u0111\u1ea1t, Anh v\u0103n lo\u1ea1i kh\u00e1, JLPT N2: 120.000 y\u00ean<br\/>HSK c\u1ea5p 4 \u0111\u1ea1t, Anh v\u0103n lo\u1ea1i trung b\u00ecnh, JLPT N3: 60.000 y\u00ean<\/td><td>B\u1eaft bu\u1ed9c<\/td><td class=\"has-text-align-center\" data-align=\"center\">Nh\u1eadp h\u1ecdc<\/td><td colspan=\"2\">N\u1ebfu th\u00e0nh t\u00edch tr\u00f9ng l\u1eb7p, c\u1ea5p \u0111\u1ed9 cao h\u01a1n s\u1ebd \u0111\u01b0\u1ee3c s\u1eed d\u1ee5ng l\u00e0m ti\u00eau chu\u1ea9n. Ch\u1ee9ng ch\u1ec9 \u0111\u1ea1t \u0111\u01b0\u1ee3c trong v\u00f2ng 2 n\u0103m tr\u01b0\u1edbc khi nh\u1eadp h\u1ecdc s\u1ebd c\u00f3 hi\u1ec7u l\u1ef1c v\u00e0 ph\u1ea3i n\u1ed9p tr\u01b0\u1edbc khi nh\u1eadp h\u1ecdc.<\/td><\/tr><tr><td class=\"has-text-align-center\" data-align=\"center\">H\u1ecdc b\u1ed5ng h\u1ecdc t\u1eadp<\/td><td class=\"has-text-align-center\" data-align=\"center\">Tr\u1ee3 c\u1ea5p<\/td><td class=\"has-text-align-left\" data-align=\"left\" colspan=\"2\">H\u1ea1ng nh\u1ea5t: 400.000 y\u00ean<br\/>H\u1ea1ng nh\u00ec: 200.000 y\u00ean<br\/>H\u1ea1ng ba: 100.000 y\u00ean<\/td><td>B\u1eaft bu\u1ed9c<\/td><td class=\"has-text-align-center\" data-align=\"center\">T\u1eeb n\u0103m th\u1ee9 2 tr\u1edf l\u00ean<\/td><td colspan=\"2\">Sinh vi\u00ean c\u00f3 th\u00e0nh t\u00edch h\u1ecdc t\u1eadp xu\u1ea5t s\u1eafc, h\u1ea1nh ki\u1ec3m t\u1ed1t v\u00e0 \u0111\u1ea1t ti\u00eau chu\u1ea9n \u0111\u00e1nh gi\u00e1 c\u1ee7a tr\u01b0\u1eddng. S\u1ed1 l\u01b0\u1ee3ng: c\u00f3 h\u1ea1n<\/td><\/tr><tr><td class=\"has-text-align-center\" data-align=\"center\">H\u1ecdc b\u1ed5ng ho\u1ea1t \u0111\u1ed9ng x\u00e3 h\u1ed9i<\/td><td class=\"has-text-align-center\" data-align=\"center\">Tr\u1ee3 c\u1ea5p<\/td><td class=\"has-text-align-left\" data-align=\"left\" colspan=\"2\">H\u1ea1ng nh\u1ea5t: 200.000 y\u00ean<br\/>H\u1ea1ng nh\u00ec: 120.000 y\u00ean<br\/>H\u1ea1ng ba: 60.000 y\u00ean<\/td><td>B\u1eaft bu\u1ed9c<\/td><td class=\"has-text-align-center\" data-align=\"center\">T\u1eeb n\u0103m th\u1ee9 2 tr\u1edf l\u00ean<\/td><td colspan=\"2\">Sinh vi\u00ean t\u00edch c\u1ef1c tham gia c\u00e1c ho\u1ea1t \u0111\u1ed9ng x\u00e3 h\u1ed9i, c\u00f3 h\u1ea1nh ki\u1ec3m t\u1ed1t v\u00e0 \u0111\u1ea1t ti\u00eau chu\u1ea9n \u0111\u00e1nh gi\u00e1 c\u1ee7a tr\u01b0\u1eddng<\/td><\/tr><tr><td class=\"has-text-align-center\" data-align=\"center\">H\u1ecdc b\u1ed5ng h\u1ed7 tr\u1ee3 du h\u1ecdc ng\u1eafn h\u1ea1n t\u1ea1i Trung Qu\u1ed1c<\/td><td class=\"has-text-align-center\" data-align=\"center\">Mi\u1ec5n gi\u1ea3m<\/td><td class=\"has-text-align-left\" data-align=\"left\" colspan=\"2\">Chi ph\u00ed du h\u1ecdc ng\u1eafn h\u1ea1n<br\/>(H\u1ecdc ph\u00ed, ph\u00ed ho\u1ea1t \u0111\u1ed9ng)<\/td><td>B\u1eaft bu\u1ed9c<\/td><td class=\"has-text-align-center\" data-align=\"center\">T\u1eeb n\u0103m th\u1ee9 2 tr\u1edf l\u00ean<\/td><td colspan=\"2\">Sinh vi\u00ean tham gia ch\u01b0\u01a1ng tr\u00ecnh du h\u1ecdc ng\u1eafn h\u1ea1n t\u1ea1i tr\u01b0\u1eddng \u0110\u1ea1i h\u1ecdc Th\u00e2m Quy\u1ebfn (ngo\u1ea1i tr\u1eeb sinh vi\u00ean h\u1ecdc v\u01b0\u1ee3t c\u1ea5p)<\/td><\/tr><\/tbody><\/table><\/figure>\n<div class=\"swell-block-postLink\">\t\t\t<div class=\"p-blogCard -internal\" data-type=\"type1\" data-onclick=\"clickLink\">\n\t\t\t\t<div class=\"p-blogCard__inner\">\n\t\t\t\t\t<span class=\"p-blogCard__caption\">\u3042\u308f\u305b\u3066\u8aad\u307f\u305f\u3044<\/span>\n\t\t\t\t\t<div class=\"p-blogCard__thumb c-postThumb\"><figure class=\"c-postThumb__figure\"><img decoding=\"async\" src=\"https:\/\/szu-tokyo.jp\/wp-content\/uploads\/2024\/07\/DSC02873-300x200.jpg\" alt=\"\" class=\"c-postThumb__img u-obf-cover\" width=\"320\" height=\"180\"><\/figure><\/div>\t\t\t\t\t<div class=\"p-blogCard__body\">\n\t\t\t\t\t\t<a class=\"p-blogCard__title\" href=\"https:\/\/szu-tokyo.jp\/2024\/07\/27\/2024scholarship\/\">2024\u5e74\u5ea6\u6df1\u5733\u5927\u5b66\u6771\u4eac\u6821\u5968\u5b66\u91d1\u6388\u4e0e\u5f0f\u3092\u6319\u884c<\/a>\n\t\t\t\t\t\t<span class=\"p-blogCard__excerpt\">\u30002024\u5e747\u670826\u65e5\u3001\u6df1\u5733\u5927\u5b66\u6771\u4eac\u6821\u306b\u3066\u5968\u5b66\u91d1\u6388\u4e0e\u5f0f\u304c\u958b\u50ac\u3055\u308c\u307e\u3057\u305f\u3002\u3053\u306e\u5f0f\u5178\u3067\u306f\u3001\u512a\u79c0\u306a\u5b66\u751f\u305f\u3061\u306e\u52aa\u529b\u3092\u79f0\u3048\u308b\u305f\u3081\u306b\u3001\u5b66\u696d\u5968\u5b66\u91d1\u3001\u793e\u4f1a\u5b9f\u8df5\u5968\u5b66\u91d1\u3001\u7279\u5225\u8ca2\u732e\u8cde\u5968\u5b66&#8230;<\/span>\t\t\t\t\t<\/div>\n\t\t\t\t<\/div>\n\t\t\t<\/div>\n\t\t<\/div>","protected":false},"excerpt":{"rendered":"<p>V\u1ec1 ch\u1ebf \u0111\u1ed9 h\u1ecdc b\u1ed5ng Tr\u01b0\u1eddng \u0110\u1ea1i h\u1ecdc Th\u00e2m Quy\u1ebfn Tokyo cung c\u1ea5p nhi\u1ec1u lo\u1ea1i h\u1ecdc b\u1ed5ng nh\u01b0 \u0111\u01b0\u1ee3c li\u1ec7t k\u00ea d\u01b0\u1edbi \u0111\u00e2y. M\u1ed9t trong nh\u1eefng \u0111\u1eb7c \u0111i\u1ec3m ch\u00ednh l\u00e0 t\u1ea5t c\u1ea3 sinh vi\u00ean ch\u1ee9ng minh \u0111\u01b0\u1ee3c tr\u00ecnh \u0111\u1ed9 ti\u1ebfng Trung th\u00f4ng qua HSK tr\u01b0\u1edbc khi nh\u1eadp h\u1ecdc s\u1ebd \u0111\u01b0\u1ee3c trao h\u1ecdc b\u1ed5ng. H\u1ecdc b\u1ed5ng [&hellip;]<\/p>\n","protected":false},"author":1,"featured_media":0,"parent":0,"menu_order":0,"comment_status":"closed","ping_status":"closed","template":"","meta":{"_monsterinsights_skip_tracking":false,"_monsterinsights_sitenote_active":false,"_monsterinsights_sitenote_note":"","_monsterinsights_sitenote_category":0,"swell_btn_cv_data":"","footnotes":""},"class_list":["post-12668","page","type-page","status-publish","hentry"],"_links":{"self":[{"href":"https:\/\/szu-tokyo.jp\/vi\/wp-json\/wp\/v2\/pages\/12668","targetHints":{"allow":["GET"]}}],"collection":[{"href":"https:\/\/szu-tokyo.jp\/vi\/wp-json\/wp\/v2\/pages"}],"about":[{"href":"https:\/\/szu-tokyo.jp\/vi\/wp-json\/wp\/v2\/types\/page"}],"author":[{"embeddable":true,"href":"https:\/\/szu-tokyo.jp\/vi\/wp-json\/wp\/v2\/users\/1"}],"replies":[{"embeddable":true,"href":"https:\/\/szu-tokyo.jp\/vi\/wp-json\/wp\/v2\/comments?post=12668"}],"version-history":[{"count":3,"href":"https:\/\/szu-tokyo.jp\/vi\/wp-json\/wp\/v2\/pages\/12668\/revisions"}],"predecessor-version":[{"id":12671,"href":"https:\/\/szu-tokyo.jp\/vi\/wp-json\/wp\/v2\/pages\/12668\/revisions\/12671"}],"wp:attachment":[{"href":"https:\/\/szu-tokyo.jp\/vi\/wp-json\/wp\/v2\/media?parent=12668"}],"curies":[{"name":"wp","href":"https:\/\/api.w.org\/{rel}","templated":true}]}}